{"id":28,"date":"2016-05-02T12:33:40","date_gmt":"2016-05-02T10:33:40","guid":{"rendered":"http:\/\/themes.muffingroup.com\/be\/car\/?page_id=28"},"modified":"2019-03-29T11:43:52","modified_gmt":"2019-03-29T10:43:52","slug":"reserver","status":"publish","type":"page","link":"https:\/\/locxtrem.com\/index.php\/reserver\/","title":{"rendered":"R\u00e9server"},"content":{"rendered":"","protected":false},"excerpt":{"rendered":"","protected":false},"author":1,"featured_media":0,"parent":0,"menu_order":0,"comment_status":"closed","ping_status":"closed","template":"","meta":[],"yoast_head":"<!-- This site is optimized with the Yoast SEO plugin v19.8 - https:\/\/yoast.com\/wordpress\/plugins\/seo\/ -->\n<title>R\u00e9server - LocXtrem<\/title>\n<meta name=\"description\" content=\"LocXtrem, r\u00e9servez votre v\u00e9hicule\" \/>\n<meta name=\"robots\" content=\"index, follow, max-snippet:-1, max-image-preview:large, max-video-preview:-1\" \/>\n<link rel=\"canonical\" href=\"https:\/\/locxtrem.com\/index.php\/reserver\/\" \/>\n<meta property=\"og:locale\" content=\"fr_FR\" \/>\n<meta property=\"og:type\" content=\"article\" \/>\n<meta property=\"og:title\" content=\"R\u00e9server - LocXtrem\" \/>\n<meta property=\"og:description\" content=\"LocXtrem, r\u00e9servez votre v\u00e9hicule\" \/>\n<meta property=\"og:url\" content=\"https:\/\/locxtrem.com\/index.php\/reserver\/\" \/>\n<meta property=\"og:site_name\" content=\"LocXtrem\" \/>\n<meta property=\"article:modified_time\" content=\"2019-03-29T10:43:52+00:00\" \/>\n<meta name=\"twitter:card\" content=\"summary_large_image\" \/>\n<script type=\"application\/ld+json\" class=\"yoast-schema-graph\">{\"@context\":\"https:\/\/schema.org\",\"@graph\":[{\"@type\":\"WebPage\",\"@id\":\"https:\/\/locxtrem.com\/index.php\/reserver\/\",\"url\":\"https:\/\/locxtrem.com\/index.php\/reserver\/\",\"name\":\"R\u00e9server - LocXtrem\",\"isPartOf\":{\"@id\":\"https:\/\/locxtrem.com\/#website\"},\"datePublished\":\"2016-05-02T10:33:40+00:00\",\"dateModified\":\"2019-03-29T10:43:52+00:00\",\"description\":\"LocXtrem, r\u00e9servez votre v\u00e9hicule\",\"breadcrumb\":{\"@id\":\"https:\/\/locxtrem.com\/index.php\/reserver\/#breadcrumb\"},\"inLanguage\":\"fr-FR\",\"potentialAction\":[{\"@type\":\"ReadAction\",\"target\":[\"https:\/\/locxtrem.com\/index.php\/reserver\/\"]}]},{\"@type\":\"BreadcrumbList\",\"@id\":\"https:\/\/locxtrem.com\/index.php\/reserver\/#breadcrumb\",\"itemListElement\":[{\"@type\":\"ListItem\",\"position\":1,\"name\":\"Accueil\",\"item\":\"https:\/\/locxtrem.com\/\"},{\"@type\":\"ListItem\",\"position\":2,\"name\":\"R\u00e9server\"}]},{\"@type\":\"WebSite\",\"@id\":\"https:\/\/locxtrem.com\/#website\",\"url\":\"https:\/\/locxtrem.com\/\",\"name\":\"LocXtrem\",\"description\":\"Location de voitures de l&#039;extr\u00eame !\",\"potentialAction\":[{\"@type\":\"SearchAction\",\"target\":{\"@type\":\"EntryPoint\",\"urlTemplate\":\"https:\/\/locxtrem.com\/?s={search_term_string}\"},\"query-input\":\"required name=search_term_string\"}],\"inLanguage\":\"fr-FR\"}]}<\/script>\n<!-- \/ Yoast SEO plugin. -->","yoast_head_json":{"title":"R\u00e9server - LocXtrem","description":"LocXtrem, r\u00e9servez votre v\u00e9hicule","robots":{"index":"index","follow":"follow","max-snippet":"max-snippet:-1","max-image-preview":"max-image-preview:large","max-video-preview":"max-video-preview:-1"},"canonical":"https:\/\/locxtrem.com\/index.php\/reserver\/","og_locale":"fr_FR","og_type":"article","og_title":"R\u00e9server - LocXtrem","og_description":"LocXtrem, r\u00e9servez votre v\u00e9hicule","og_url":"https:\/\/locxtrem.com\/index.php\/reserver\/","og_site_name":"LocXtrem","article_modified_time":"2019-03-29T10:43:52+00:00","twitter_card":"summary_large_image","schema":{"@context":"https:\/\/schema.org","@graph":[{"@type":"WebPage","@id":"https:\/\/locxtrem.com\/index.php\/reserver\/","url":"https:\/\/locxtrem.com\/index.php\/reserver\/","name":"R\u00e9server - LocXtrem","isPartOf":{"@id":"https:\/\/locxtrem.com\/#website"},"datePublished":"2016-05-02T10:33:40+00:00","dateModified":"2019-03-29T10:43:52+00:00","description":"LocXtrem, r\u00e9servez votre v\u00e9hicule","breadcrumb":{"@id":"https:\/\/locxtrem.com\/index.php\/reserver\/#breadcrumb"},"inLanguage":"fr-FR","potentialAction":[{"@type":"ReadAction","target":["https:\/\/locxtrem.com\/index.php\/reserver\/"]}]},{"@type":"BreadcrumbList","@id":"https:\/\/locxtrem.com\/index.php\/reserver\/#breadcrumb","itemListElement":[{"@type":"ListItem","position":1,"name":"Accueil","item":"https:\/\/locxtrem.com\/"},{"@type":"ListItem","position":2,"name":"R\u00e9server"}]},{"@type":"WebSite","@id":"https:\/\/locxtrem.com\/#website","url":"https:\/\/locxtrem.com\/","name":"LocXtrem","description":"Location de voitures de l&#039;extr\u00eame !","potentialAction":[{"@type":"SearchAction","target":{"@type":"EntryPoint","urlTemplate":"https:\/\/locxtrem.com\/?s={search_term_string}"},"query-input":"required name=search_term_string"}],"inLanguage":"fr-FR"}]}},"_links":{"self":[{"href":"https:\/\/locxtrem.com\/index.php\/wp-json\/wp\/v2\/pages\/28"}],"collection":[{"href":"https:\/\/locxtrem.com\/index.php\/wp-json\/wp\/v2\/pages"}],"about":[{"href":"https:\/\/locxtrem.com\/index.php\/wp-json\/wp\/v2\/types\/page"}],"author":[{"embeddable":true,"href":"https:\/\/locxtrem.com\/index.php\/wp-json\/wp\/v2\/users\/1"}],"replies":[{"embeddable":true,"href":"https:\/\/locxtrem.com\/index.php\/wp-json\/wp\/v2\/comments?post=28"}],"version-history":[{"count":1,"href":"https:\/\/locxtrem.com\/index.php\/wp-json\/wp\/v2\/pages\/28\/revisions"}],"predecessor-version":[{"id":93,"href":"https:\/\/locxtrem.com\/index.php\/wp-json\/wp\/v2\/pages\/28\/revisions\/93"}],"wp:attachment":[{"href":"https:\/\/locxtrem.com\/index.php\/wp-json\/wp\/v2\/media?parent=28"}],"curies":[{"name":"wp","href":"https:\/\/api.w.org\/{rel}","templated":true}]}}