{"id":24,"date":"2016-05-02T12:33:04","date_gmt":"2016-05-02T10:33:04","guid":{"rendered":"http:\/\/themes.muffingroup.com\/be\/car\/?page_id=24"},"modified":"2019-03-29T11:43:08","modified_gmt":"2019-03-29T10:43:08","slug":"nos-offres","status":"publish","type":"page","link":"https:\/\/locxtrem.com\/index.php\/nos-offres\/","title":{"rendered":"Nos offres de location"},"content":{"rendered":"","protected":false},"excerpt":{"rendered":"","protected":false},"author":1,"featured_media":0,"parent":0,"menu_order":0,"comment_status":"closed","ping_status":"closed","template":"","meta":[],"yoast_head":"<!-- This site is optimized with the Yoast SEO plugin v19.8 - https:\/\/yoast.com\/wordpress\/plugins\/seo\/ -->\n<title>Nos offres de location - LocXtrem<\/title>\n<meta name=\"description\" content=\"marques &amp; mod\u00e8le : cabriolet, Business, Elite Notre \u00e9quipe recherchera le v\u00e9hicule adapt\u00e9 \u00e0 vos exigences\" \/>\n<meta name=\"robots\" content=\"index, follow, max-snippet:-1, max-image-preview:large, max-video-preview:-1\" \/>\n<link rel=\"canonical\" href=\"https:\/\/locxtrem.com\/index.php\/nos-offres\/\" \/>\n<meta property=\"og:locale\" content=\"fr_FR\" \/>\n<meta property=\"og:type\" content=\"article\" \/>\n<meta property=\"og:title\" content=\"Nos offres de location - LocXtrem\" \/>\n<meta property=\"og:description\" content=\"marques &amp; mod\u00e8le : cabriolet, Business, Elite Notre \u00e9quipe recherchera le v\u00e9hicule adapt\u00e9 \u00e0 vos exigences\" \/>\n<meta property=\"og:url\" content=\"https:\/\/locxtrem.com\/index.php\/nos-offres\/\" \/>\n<meta property=\"og:site_name\" content=\"LocXtrem\" \/>\n<meta property=\"article:modified_time\" content=\"2019-03-29T10:43:08+00:00\" \/>\n<meta name=\"twitter:card\" content=\"summary_large_image\" \/>\n<script type=\"application\/ld+json\" class=\"yoast-schema-graph\">{\"@context\":\"https:\/\/schema.org\",\"@graph\":[{\"@type\":\"WebPage\",\"@id\":\"https:\/\/locxtrem.com\/index.php\/nos-offres\/\",\"url\":\"https:\/\/locxtrem.com\/index.php\/nos-offres\/\",\"name\":\"Nos offres de location - LocXtrem\",\"isPartOf\":{\"@id\":\"https:\/\/locxtrem.com\/#website\"},\"datePublished\":\"2016-05-02T10:33:04+00:00\",\"dateModified\":\"2019-03-29T10:43:08+00:00\",\"description\":\"marques & mod\u00e8le : cabriolet, Business, Elite Notre \u00e9quipe recherchera le v\u00e9hicule adapt\u00e9 \u00e0 vos exigences\",\"breadcrumb\":{\"@id\":\"https:\/\/locxtrem.com\/index.php\/nos-offres\/#breadcrumb\"},\"inLanguage\":\"fr-FR\",\"potentialAction\":[{\"@type\":\"ReadAction\",\"target\":[\"https:\/\/locxtrem.com\/index.php\/nos-offres\/\"]}]},{\"@type\":\"BreadcrumbList\",\"@id\":\"https:\/\/locxtrem.com\/index.php\/nos-offres\/#breadcrumb\",\"itemListElement\":[{\"@type\":\"ListItem\",\"position\":1,\"name\":\"Accueil\",\"item\":\"https:\/\/locxtrem.com\/\"},{\"@type\":\"ListItem\",\"position\":2,\"name\":\"Nos offres de location\"}]},{\"@type\":\"WebSite\",\"@id\":\"https:\/\/locxtrem.com\/#website\",\"url\":\"https:\/\/locxtrem.com\/\",\"name\":\"LocXtrem\",\"description\":\"Location de voitures de l&#039;extr\u00eame !\",\"potentialAction\":[{\"@type\":\"SearchAction\",\"target\":{\"@type\":\"EntryPoint\",\"urlTemplate\":\"https:\/\/locxtrem.com\/?s={search_term_string}\"},\"query-input\":\"required name=search_term_string\"}],\"inLanguage\":\"fr-FR\"}]}<\/script>\n<!-- \/ Yoast SEO plugin. -->","yoast_head_json":{"title":"Nos offres de location - LocXtrem","description":"marques & mod\u00e8le : cabriolet, Business, Elite Notre \u00e9quipe recherchera le v\u00e9hicule adapt\u00e9 \u00e0 vos exigences","robots":{"index":"index","follow":"follow","max-snippet":"max-snippet:-1","max-image-preview":"max-image-preview:large","max-video-preview":"max-video-preview:-1"},"canonical":"https:\/\/locxtrem.com\/index.php\/nos-offres\/","og_locale":"fr_FR","og_type":"article","og_title":"Nos offres de location - LocXtrem","og_description":"marques & mod\u00e8le : cabriolet, Business, Elite Notre \u00e9quipe recherchera le v\u00e9hicule adapt\u00e9 \u00e0 vos exigences","og_url":"https:\/\/locxtrem.com\/index.php\/nos-offres\/","og_site_name":"LocXtrem","article_modified_time":"2019-03-29T10:43:08+00:00","twitter_card":"summary_large_image","schema":{"@context":"https:\/\/schema.org","@graph":[{"@type":"WebPage","@id":"https:\/\/locxtrem.com\/index.php\/nos-offres\/","url":"https:\/\/locxtrem.com\/index.php\/nos-offres\/","name":"Nos offres de location - LocXtrem","isPartOf":{"@id":"https:\/\/locxtrem.com\/#website"},"datePublished":"2016-05-02T10:33:04+00:00","dateModified":"2019-03-29T10:43:08+00:00","description":"marques & mod\u00e8le : cabriolet, Business, Elite Notre \u00e9quipe recherchera le v\u00e9hicule adapt\u00e9 \u00e0 vos exigences","breadcrumb":{"@id":"https:\/\/locxtrem.com\/index.php\/nos-offres\/#breadcrumb"},"inLanguage":"fr-FR","potentialAction":[{"@type":"ReadAction","target":["https:\/\/locxtrem.com\/index.php\/nos-offres\/"]}]},{"@type":"BreadcrumbList","@id":"https:\/\/locxtrem.com\/index.php\/nos-offres\/#breadcrumb","itemListElement":[{"@type":"ListItem","position":1,"name":"Accueil","item":"https:\/\/locxtrem.com\/"},{"@type":"ListItem","position":2,"name":"Nos offres de location"}]},{"@type":"WebSite","@id":"https:\/\/locxtrem.com\/#website","url":"https:\/\/locxtrem.com\/","name":"LocXtrem","description":"Location de voitures de l&#039;extr\u00eame !","potentialAction":[{"@type":"SearchAction","target":{"@type":"EntryPoint","urlTemplate":"https:\/\/locxtrem.com\/?s={search_term_string}"},"query-input":"required name=search_term_string"}],"inLanguage":"fr-FR"}]}},"_links":{"self":[{"href":"https:\/\/locxtrem.com\/index.php\/wp-json\/wp\/v2\/pages\/24"}],"collection":[{"href":"https:\/\/locxtrem.com\/index.php\/wp-json\/wp\/v2\/pages"}],"about":[{"href":"https:\/\/locxtrem.com\/index.php\/wp-json\/wp\/v2\/types\/page"}],"author":[{"embeddable":true,"href":"https:\/\/locxtrem.com\/index.php\/wp-json\/wp\/v2\/users\/1"}],"replies":[{"embeddable":true,"href":"https:\/\/locxtrem.com\/index.php\/wp-json\/wp\/v2\/comments?post=24"}],"version-history":[{"count":5,"href":"https:\/\/locxtrem.com\/index.php\/wp-json\/wp\/v2\/pages\/24\/revisions"}],"predecessor-version":[{"id":137,"href":"https:\/\/locxtrem.com\/index.php\/wp-json\/wp\/v2\/pages\/24\/revisions\/137"}],"wp:attachment":[{"href":"https:\/\/locxtrem.com\/index.php\/wp-json\/wp\/v2\/media?parent=24"}],"curies":[{"name":"wp","href":"https:\/\/api.w.org\/{rel}","templated":true}]}}