{"id":2,"date":"2016-07-03T14:45:31","date_gmt":"2016-07-03T12:45:31","guid":{"rendered":"http:\/\/locxtrem.com\/?page_id=2"},"modified":"2018-04-29T11:33:32","modified_gmt":"2018-04-29T09:33:32","slug":"mlegales","status":"publish","type":"page","link":"https:\/\/locxtrem.com\/index.php\/mlegales\/","title":{"rendered":"Mentions l\u00e9gales &#038; CGL"},"content":{"rendered":"<p>Droit d\u2019auteur &#8211; Copyright<\/p>\n<p>LocXtrem<br \/>\nS\u00e0rl au capital de 300 000 \u20ac<br \/>\nRCS Paris 309 610 392 000 24<\/p>\n<p>Si\u00e8ge social :<br \/>\n30, Rue Tilsitt<br \/>\n75017 PARIS (FRANCE)<\/p>\n<p>L\u2019ensemble de ce site rel\u00e8ve de la l\u00e9gislation fran\u00e7aise et internationale sur le droit d\u2019auteur et la propri\u00e9t\u00e9 intellectuelle.<\/p>\n<p>DROIT DE PROPRIETE INTELLECTUELLE<br \/>\nLa pr\u00e9sentation et le contenu du pr\u00e9sent site constituent, ensemble, une \u0153uvre prot\u00e9g\u00e9e par les lois en vigueur sur la propri\u00e9t\u00e9 intellectuelle, dont LocXtrem est titulaire. L\u2019usage ou la reproduction, m\u00eame partielle, des textes, photos ou graphismes qu\u2019il contient sont interdits sans l\u2019accord pr\u00e9alable et \u00e9crit de LocXtrem, et seraient susceptibles d\u2019en constituer la contrefa\u00e7on. De m\u00eame, toute reproduction, repr\u00e9sentation, adaptation, traduction, et ou modification, partielle ou int\u00e9grale, ou transfert vers un autre site sont interdits. Conform\u00e9ment \u00e0 l\u2019article L.122-4 du Code de la Propri\u00e9t\u00e9 Intellectuelle, \u00ab\u00a0toute repr\u00e9sentation ou reproduction int\u00e9grale ou partielle faite sans le consentement de l\u2019auteur ou de ses ayants-droit ou ayants-cause est illicite. Il en est de m\u00eame pour la traduction, l\u2019adaptation ou la transformation, l\u2019arrangement ou la reproduction par un art ou un proc\u00e9d\u00e9 quelconque\u00a0\u00bb. LocXtrem rappelle que les \u00e9l\u00e9ments figurant sur ce site peuvent \u00eatre consult\u00e9s librement \u00e0 des fins priv\u00e9es, ou d\u2019information, ou p\u00e9dagogiques. Toutes autres formes d\u2019exploitation de ceux-ci constitueraient des actes de contrefa\u00e7on des droits de leurs auteurs, pr\u00e9vus et r\u00e9prim\u00e9s par les articles L.335-4 et suivants du Code de la Propri\u00e9t\u00e9 Intellectuelle. Conform\u00e9ment \u00e0 l\u2019article L.342-1 du Code de la Propri\u00e9t\u00e9 Intellectuelle, LocXtrem interdit l\u2019extraction par transfert permanent ou temporaire sur tous supports, par tous moyens, et sous quelque forme que ce soit de la totalit\u00e9 ou d\u2019une partie substantielle du contenu de ce site, sauf si ces op\u00e9rations sont effectu\u00e9es \u00e0 des fins purement priv\u00e9es, ou d\u2019information, ou p\u00e9dagogiques. Il interdit aussi la r\u00e9utilisation, par la mise \u00e0 disposition du public quelle qu\u2019en soit la forme, de la totalit\u00e9 ou d\u2019une partie seulement du contenu de ce site ou de chacun des \u00e9l\u00e9ments le constituant.<\/p>\n<p>LIENS HYPERTEXTES<br \/>\nLes liens hypertextes externes mis en place dans le cadre du pr\u00e9sent site et les contenus des sites de tiers vers lesquels ils pointent ne sauraient engager la responsabilit\u00e9 de LocXtrem.<\/p>\n<p>SANS GARANTIE<br \/>\nLe site web, les informations et fonctionnalit\u00e9s propos\u00e9es correspondent aux r\u00e8gles l\u00e9gales en vigueur. Cependant, son utilisation se fait sous votre propre responsabilit\u00e9. LocXtrem et ses affili\u00e9s et partenaires ne garantissent en aucun cas l\u2019exactitude, la valeur commerciale, la qualit\u00e9 ou la non contrefa\u00e7on d\u2019une information publi\u00e9e sur le site web ou disponible gr\u00e2ce \u00e0 ce site. De plus, LocXtrem, ses affili\u00e9s et ses partenaires, ne peuvent apporter la garantie que le serveur qui rend le site web accessible soit prot\u00e9g\u00e9 de tout virus susceptible de causer des dommages, d\u2019infecter ou de d\u00e9truire votre installation informatique ou toute autre installation d\u00e8s lors que vous acc\u00e9dez \u00e0 ce site web, que vous t\u00e9l\u00e9chargez un document, ou faites appel \u00e0 quelque autre fonctionnalit\u00e9 du site. Conform\u00e9ment \u00e0 la loi, LocXtrem, ses affili\u00e9s et ses partenaires ne pourront, en aucune fa\u00e7on, \u00eatre tenues pour responsables des dommages directs ou indirects, accidentels ou non, cons\u00e9cutifs \u00e0 l\u2019utilisation, bonne ou mauvaise, du site web. Pareillement, LocXtremC, ses affili\u00e9s et ses partenaires ne pourront en aucune fa\u00e7on, \u00eatre tenues responsables des dommages directs ou indirects caus\u00e9s par des erreurs ou omissions constat\u00e9es sur ce site web, dans les informations communiqu\u00e9es parmi les fonctionnalit\u00e9s propos\u00e9es. LocXtrem, ses affili\u00e9s et ses partenaires se r\u00e9servent le droit de modifier, ajouter, supprimer les termes et conditions d\u2019utilisation \u00e0 tout moment sans pr\u00e9avis. Ces changements s\u2019appliqueront d\u00e8s leur publication sur le site. La consultation du site une fois ces changements effectu\u00e9s implique automatiquement leur acceptation. LocXtrem se r\u00e9serve \u00e9galement le droit de modifier, ajouter ou supprimer tout ou partie du contenu ou des fonctionnalit\u00e9s du site \u00e0 tout moment sans avertissement pr\u00e9alable et sans que la responsabilit\u00e9 de LocXtrem, ses affili\u00e9s et ses partenaires soit mise en causes sans \u00eatre tenu responsable par le visiteur du site.<\/p>\n<p>DROIT DE REPONSE<br \/>\nConform\u00e9ment \u00e0 la loi \u00ab\u00a0informatique et libert\u00e9s\u00a0\u00bb du 6 janvier 1978 modifi\u00e9e en 2004, vous b\u00e9n\u00e9ficiez d\u2019un droit d\u2019acc\u00e8s et de rectification aux informations qui vous concernent, que vous pouvez exercer en nous adressant demande par courrier. Vous pouvez \u00e9galement, pour des motifs l\u00e9gitimes, vous opposer au traitement des donn\u00e9es vous concernant.<\/p>\n<p>POLITIQUE DE CONFIDENTIALITE.<br \/>\nLes informations \u00e9ventuellement recueillies aupr\u00e8s de vous de par votre utilisation du site web sont strictement destin\u00e9es \u00e0 LocXtrem dans le but de constituer une liste des personnes int\u00e9ress\u00e9es par ses activit\u00e9s, et plus particuli\u00e8rement par celles du pr\u00e9sent site, et ne seront pas transmises \u00e0 des tiers. Aucune information personnelle n\u2019est collect\u00e9e \u00e0 votre insu. Aucune information personnelle n\u2019est c\u00e9d\u00e9e \u00e0 des tiers, \u00e0 titre gratuit ou on\u00e9reux. Aucune information personnelle n\u2019est utilis\u00e9e \u00e0 d\u2019autres fins que celles indiqu\u00e9es ici. Vous disposez d\u2019un droit d\u2019acc\u00e8s, de modification et de suppression de donn\u00e9es qui vous concernent (article 34 de la loi \u00ab\u00a0Informatique et Libert\u00e9\u00a0\u00bb).<\/p>\n<h3 style=\"text-align: center;\">CGL (CONDITIONS GENERALES DE LOCATION)<\/h3>\n<p>LOCATAIRES<br \/>\nL&rsquo;\u00e2ge minimum pour louer une voiture LocXtrem est de 21 ans pour les cat\u00e9gories A et B, 23 ans pour les cat\u00e9gories C,D, 25 ans pour les cat\u00e9gories E, Evasion et 4&#215;4. Les locataires doivent \u00eatre titulaires d&rsquo;un permis de conduire en cours de validit\u00e9 \u00e9mis depuis plus d&rsquo;un an pour les cat\u00e9gories A et B, et plus de trois ans pour les autres cat\u00e9gories.<\/p>\n<p>TARIFS<br \/>\nLes tarifs LocXtrem comprennent : L&rsquo;assistance 24h\/24h, l&rsquo;entretien, un auto radio cassette. Le rapatriement et les frais d&rsquo;immobilisation en cas d&rsquo;accident non responsable. Dans le cas de conducteurs occasionnels un suppl\u00e9ment de 14.91 \u20ac TTC par conducteur s&rsquo;applique. La location du v\u00e9hicule s&rsquo;effectue par tranche indivisible de 24 heures. Une franchise de 1 heure est cependant accord\u00e9e. Au-del\u00e0 de celle-ci, une journ\u00e9e suppl\u00e9mentaire est factur\u00e9e au client. Le retour du v\u00e9hicule doit se faire imp\u00e9rativement avec le plein de carburant dans l&rsquo;agence de d\u00e9part pendant les heures d&rsquo;ouverture.<\/p>\n<h3 style=\"text-align: center;\">CREDITS<\/h3>\n<table style=\"margin-left: auto; margin-right: auto; width: 563px; height: 160px;\" border=\"0\" align=\"center\">\n<tbody>\n<tr class=\"info\">\n<td style=\"text-align: right;\">Directrice de la publication |<\/td>\n<td style=\"text-align: left;\">Rita Hayek<\/td>\n<\/tr>\n<tr class=\"info\">\n<td style=\"text-align: right;\">Cr&eacute;dit photos |<\/td>\n<td style=\"text-align: left;\">Leszek Soltys, WikiImages<\/td>\n<\/tr>\n<tr class=\"info\">\n<td style=\"text-align: right;\">Propuls&eacute; par |<\/td>\n<td style=\"text-align: left;\">WordPress<\/td>\n<\/tr>\n<tr class=\"info\">\n<td style=\"text-align: right;\">Serveur d&rsquo;h&eacute;bergement |<\/td>\n<td style=\"text-align: left;\"><a href=\"http:\/\/www.gshebergement.com\/\" target=\"_blank\" title=\"GSHebergement\">GSHebergement<\/a><\/td>\n<\/tr>\n<tr class=\"info\">\n<td style=\"text-align: right;\">Site r&eacute;alis&eacute; et r&eacute;f&eacute;renc&eacute; par |<\/td>\n<td style=\"text-align: left;\"><a href=\"http:\/\/www.xo-digital.com\/\" target=\"_blank\" title=\"XO Digital\">[XO Digital]<\/a><\/td>\n<\/tr>\n<tr>\n<td style=\"text-align: right;\">Num&eacute;ro de d&eacute;claration &agrave; la CNIL |<\/td>\n<td style=\"text-align: left;\">en cours<\/td>\n<\/tr>\n<tr>\n<td style=\"text-align: right;\">&nbsp;<\/td>\n<td style=\"text-align: left;\">&nbsp;<\/td>\n<\/tr>\n<\/tbody>\n<\/table>\n<blockquote><p>Nul ne sera l&rsquo;objet d&rsquo;immixtions arbitraires dans sa vie priv\u00e9e, sa famille, son domicile ou sa correspondance, ni d&rsquo;atteintes \u00e0 son honneur et \u00e0 sa r\u00e9putation. Toute personne a droit \u00e0 la protection de la loi contre de telles immixtions ou de telles atteintes.<br \/>\nD\u00e9claration universelle des droits de l&rsquo;homme &#8211; Article 12<\/p><\/blockquote>\n","protected":false},"excerpt":{"rendered":"<p>Droit d\u2019auteur &#8211; Copyright LocXtrem S\u00e0rl au capital de 300 000 \u20ac RCS Paris 309 610 392 000 24 Si\u00e8ge social : 30, Rue Tilsitt 75017 [&hellip;]<\/p>\n","protected":false},"author":1,"featured_media":0,"parent":0,"menu_order":0,"comment_status":"closed","ping_status":"open","template":"","meta":[],"yoast_head":"<!-- This site is optimized with the Yoast SEO plugin v19.8 - https:\/\/yoast.com\/wordpress\/plugins\/seo\/ -->\n<title>Mentions l\u00e9gales &amp; CGL - LocXtrem<\/title>\n<meta name=\"robots\" content=\"index, follow, max-snippet:-1, max-image-preview:large, max-video-preview:-1\" \/>\n<link rel=\"canonical\" href=\"https:\/\/locxtrem.com\/index.php\/mlegales\/\" \/>\n<meta property=\"og:locale\" content=\"fr_FR\" \/>\n<meta property=\"og:type\" content=\"article\" \/>\n<meta property=\"og:title\" content=\"Mentions l\u00e9gales &amp; CGL - LocXtrem\" \/>\n<meta property=\"og:description\" content=\"Droit d\u2019auteur &#8211; Copyright LocXtrem S\u00e0rl au capital de 300 000 \u20ac RCS Paris 309 610 392 000 24 Si\u00e8ge social : 30, Rue Tilsitt 75017 [&hellip;]\" \/>\n<meta property=\"og:url\" content=\"https:\/\/locxtrem.com\/index.php\/mlegales\/\" \/>\n<meta property=\"og:site_name\" content=\"LocXtrem\" \/>\n<meta property=\"article:modified_time\" content=\"2018-04-29T09:33:32+00:00\" \/>\n<meta name=\"twitter:card\" content=\"summary_large_image\" \/>\n<meta name=\"twitter:label1\" content=\"Dur\u00e9e de lecture estim\u00e9e\" \/>\n\t<meta name=\"twitter:data1\" content=\"6 minutes\" \/>\n<script type=\"application\/ld+json\" class=\"yoast-schema-graph\">{\"@context\":\"https:\/\/schema.org\",\"@graph\":[{\"@type\":\"WebPage\",\"@id\":\"https:\/\/locxtrem.com\/index.php\/mlegales\/\",\"url\":\"https:\/\/locxtrem.com\/index.php\/mlegales\/\",\"name\":\"Mentions l\u00e9gales & CGL - LocXtrem\",\"isPartOf\":{\"@id\":\"https:\/\/locxtrem.com\/#website\"},\"datePublished\":\"2016-07-03T12:45:31+00:00\",\"dateModified\":\"2018-04-29T09:33:32+00:00\",\"breadcrumb\":{\"@id\":\"https:\/\/locxtrem.com\/index.php\/mlegales\/#breadcrumb\"},\"inLanguage\":\"fr-FR\",\"potentialAction\":[{\"@type\":\"ReadAction\",\"target\":[\"https:\/\/locxtrem.com\/index.php\/mlegales\/\"]}]},{\"@type\":\"BreadcrumbList\",\"@id\":\"https:\/\/locxtrem.com\/index.php\/mlegales\/#breadcrumb\",\"itemListElement\":[{\"@type\":\"ListItem\",\"position\":1,\"name\":\"Accueil\",\"item\":\"https:\/\/locxtrem.com\/\"},{\"@type\":\"ListItem\",\"position\":2,\"name\":\"Mentions l\u00e9gales &#038; CGL\"}]},{\"@type\":\"WebSite\",\"@id\":\"https:\/\/locxtrem.com\/#website\",\"url\":\"https:\/\/locxtrem.com\/\",\"name\":\"LocXtrem\",\"description\":\"Location de voitures de l&#039;extr\u00eame !\",\"potentialAction\":[{\"@type\":\"SearchAction\",\"target\":{\"@type\":\"EntryPoint\",\"urlTemplate\":\"https:\/\/locxtrem.com\/?s={search_term_string}\"},\"query-input\":\"required name=search_term_string\"}],\"inLanguage\":\"fr-FR\"}]}<\/script>\n<!-- \/ Yoast SEO plugin. -->","yoast_head_json":{"title":"Mentions l\u00e9gales & CGL - LocXtrem","robots":{"index":"index","follow":"follow","max-snippet":"max-snippet:-1","max-image-preview":"max-image-preview:large","max-video-preview":"max-video-preview:-1"},"canonical":"https:\/\/locxtrem.com\/index.php\/mlegales\/","og_locale":"fr_FR","og_type":"article","og_title":"Mentions l\u00e9gales & CGL - LocXtrem","og_description":"Droit d\u2019auteur &#8211; Copyright LocXtrem S\u00e0rl au capital de 300 000 \u20ac RCS Paris 309 610 392 000 24 Si\u00e8ge social : 30, Rue Tilsitt 75017 [&hellip;]","og_url":"https:\/\/locxtrem.com\/index.php\/mlegales\/","og_site_name":"LocXtrem","article_modified_time":"2018-04-29T09:33:32+00:00","twitter_card":"summary_large_image","twitter_misc":{"Dur\u00e9e de lecture estim\u00e9e":"6 minutes"},"schema":{"@context":"https:\/\/schema.org","@graph":[{"@type":"WebPage","@id":"https:\/\/locxtrem.com\/index.php\/mlegales\/","url":"https:\/\/locxtrem.com\/index.php\/mlegales\/","name":"Mentions l\u00e9gales & CGL - LocXtrem","isPartOf":{"@id":"https:\/\/locxtrem.com\/#website"},"datePublished":"2016-07-03T12:45:31+00:00","dateModified":"2018-04-29T09:33:32+00:00","breadcrumb":{"@id":"https:\/\/locxtrem.com\/index.php\/mlegales\/#breadcrumb"},"inLanguage":"fr-FR","potentialAction":[{"@type":"ReadAction","target":["https:\/\/locxtrem.com\/index.php\/mlegales\/"]}]},{"@type":"BreadcrumbList","@id":"https:\/\/locxtrem.com\/index.php\/mlegales\/#breadcrumb","itemListElement":[{"@type":"ListItem","position":1,"name":"Accueil","item":"https:\/\/locxtrem.com\/"},{"@type":"ListItem","position":2,"name":"Mentions l\u00e9gales &#038; CGL"}]},{"@type":"WebSite","@id":"https:\/\/locxtrem.com\/#website","url":"https:\/\/locxtrem.com\/","name":"LocXtrem","description":"Location de voitures de l&#039;extr\u00eame !","potentialAction":[{"@type":"SearchAction","target":{"@type":"EntryPoint","urlTemplate":"https:\/\/locxtrem.com\/?s={search_term_string}"},"query-input":"required name=search_term_string"}],"inLanguage":"fr-FR"}]}},"_links":{"self":[{"href":"https:\/\/locxtrem.com\/index.php\/wp-json\/wp\/v2\/pages\/2"}],"collection":[{"href":"https:\/\/locxtrem.com\/index.php\/wp-json\/wp\/v2\/pages"}],"about":[{"href":"https:\/\/locxtrem.com\/index.php\/wp-json\/wp\/v2\/types\/page"}],"author":[{"embeddable":true,"href":"https:\/\/locxtrem.com\/index.php\/wp-json\/wp\/v2\/users\/1"}],"replies":[{"embeddable":true,"href":"https:\/\/locxtrem.com\/index.php\/wp-json\/wp\/v2\/comments?post=2"}],"version-history":[{"count":7,"href":"https:\/\/locxtrem.com\/index.php\/wp-json\/wp\/v2\/pages\/2\/revisions"}],"predecessor-version":[{"id":115,"href":"https:\/\/locxtrem.com\/index.php\/wp-json\/wp\/v2\/pages\/2\/revisions\/115"}],"wp:attachment":[{"href":"https:\/\/locxtrem.com\/index.php\/wp-json\/wp\/v2\/media?parent=2"}],"curies":[{"name":"wp","href":"https:\/\/api.w.org\/{rel}","templated":true}]}}